{"id":3,"date":"2025-03-19T15:28:02","date_gmt":"2025-03-19T18:28:02","guid":{"rendered":"https:\/\/bezsan.com.br\/?page_id=3"},"modified":"2025-03-19T22:20:47","modified_gmt":"2025-03-20T01:20:47","slug":"politica-de-privacidade","status":"publish","type":"page","link":"https:\/\/bezsan.com.br\/?page_id=3","title":{"rendered":"Pol\u00edtica de privacidade"},"content":{"rendered":"\n<p><\/p>\n\n\n\n<pre class=\"wp-block-preformatted has-secondary-color has-link-color-background-color has-text-color has-background has-link-color has-body-font-family has-small-font-size wp-elements-cc02a6d08ccd00460fb49f6ccbd57508\">A Bezsan Consultoria Financeira Ltda agradece por sua visita a este website.\u00a0A Bezsan recomenda a leitura com aten\u00e7\u00e3o desta Pol\u00edtica de Uso e de Privacidade antes de iniciar a sua navega\u00e7\u00e3o neste website. Ao iniciar a navega\u00e7\u00e3o, o usu\u00e1rio, automaticamente, concordar\u00e1 com o conte\u00fado desta Pol\u00edtica de Uso e de Privacidade.<br><br>Termos de\u00a0Uso<br><br>1 \u2013 Ao\u00a0iniciar a navega\u00e7\u00e3o neste website, o usu\u00e1rio, automaticamente, concordar\u00e1 com o\u00a0conte\u00fado desta Pol\u00edtica de Uso e de Privacidade.<br><br>2 \u2013 A Bezsan Consultoria Financeira Ltda a qualquer momento, independentemente de aviso pr\u00e9vio, poder\u00e1\u00a0atualizar as regras e conte\u00fado contidos nesta Pol\u00edtica de Uso e Privacidade. O\u00a0usu\u00e1rio compromete-se a consultar periodicamente a presente pol\u00edtica de Uso e\u00a0de Privacidade, de modo a verificar eventuais altera\u00e7\u00f5es de suas regras e\u00a0conte\u00fado.<br><br>3 \u2013 O conte\u00fado apresentado neste website tem\u00a0car\u00e1ter meramente informativo, podendo ser alterado pela Bezsan a\u00a0qualquer momento, independentemente de aviso pr\u00e9vio.<br><br>Apresenta\u00e7\u00e3o\u00a0de Servi\u00e7os<br><br>1 \u2013 A Bezsan Consultoria Financeira Ltda\u00a0informa que algumas das imagens, ilustra\u00e7\u00f5es e informa\u00e7\u00f5es contidas neste website podem corresponder \u00e0 material de\u00a0marketing gen\u00e9rico.<br>Por essa raz\u00e3o, algumas\u00a0das imagens, ilustra\u00e7\u00f5es e informa\u00e7\u00f5es ou servi\u00e7os contidos neste website podem n\u00e3o estar dispon\u00edveis para\u00a0aquisi\u00e7\u00e3o ou apresentarem caracter\u00edsticas diversas daquelas apresentadas\u00a0neste website.<br>Assim, a Bezsan Consultoria Financeira recomenda a consulta a nossos especialistas sobre o servi\u00e7o ou oportunidade de investimento desejado para verificar se est\u00e1 dispon\u00edvel ou se possu\u00edmos outras op\u00e7\u00f5es neste website.<br><br>Direito de Propriedade Intelectual\u00a0<br><br>1 \u2013 \u00a0Este website e seu conte\u00fado, incluindo, mas n\u00e3o se limitando, \u00e0s imagens, figuras, logotipos, fotografias, sons, v\u00eddeos, anima\u00e7\u00f5es, textos, gr\u00e1ficos e \u00edcones, s\u00e3o de propriedade da Bezsan Consultoria Financeira com sede em S\u00e3o Paulo, e est\u00e1 autorizada a modificar o referido conte\u00fado deste website a qualquer tempo, independentemente de aviso pr\u00e9vio.<br><br>2 \u2013 As marcas, logotipos, e ilustra\u00e7\u00f5es divulgados neste website s\u00e3o de propriedade da Bezsan Consultoria, devidamente\u00a0registrados no territ\u00f3rio brasileiro, perante o Instituto Nacional de\u00a0Propriedade Industrial. Portanto, todo conte\u00fado citado, s\u00e3o protegidos pela\u00a0lei de propriedade intelectual.<br><br>3 \u2013 O conte\u00fado deste website destina-se ao uso\u00a0pessoal dos usu\u00e1rios, sendo vedada a divulga\u00e7\u00e3o de seu conte\u00fado para fins\u00a0comerciais ou em ambientes p\u00fablicos.<br><br>4\u00a0\u2013 \u00c9 vedada, de\u00a0maneira gratuita ou onerosa, a c\u00f3pia, reprodu\u00e7\u00e3o, modifica\u00e7\u00e3o, distribui\u00e7\u00e3o,\u00a0cess\u00e3o, publica\u00e7\u00e3o ou transmiss\u00e3o, parcial ou integral, do conte\u00fado deste website para terceiros, sem a pr\u00e9via e expressa autoriza\u00e7\u00e3o da Bezsan Consultoria Financeira.<br><br>5 \u2013 O uso indevido do conte\u00fado deste website,\u00a0incluindo, mas n\u00e3o se limitando das marcas, logotipos, fotos e ilustra\u00e7\u00f5es\u00a0aqui divulgados, sujeitam o infrator \u00e0s penalidades legais aplic\u00e1veis, sem\u00a0preju\u00edzo do pagamento de eventuais danos que a Bezsan Consultoria Financeira venha a suportar.<br><br>Licen\u00e7as<br><br>1 \u2013 A Bezsan Consultoria Financeira procura oferecer\u00a0um website inovador e informativo. No entanto, a Bezsan prima pela\u00a0prote\u00e7\u00e3o de seus direitos de propriedade intelectual, incluindo as suas marcas, patentes, fotografias, ilustra\u00e7\u00f5es e direitos autorais. Sendo assim, este website,\u00a0em nenhuma hip\u00f3tese, concede para terceiros licen\u00e7a \/ autoriza\u00e7\u00e3o para uso das\u00a0marcas, patentes, fotografias e ilustra\u00e7\u00f5es da Bezsan.<br><br>Links hipertextos<br><br>1\u00a0\u2013 Este website\u00a0pode conter links \/ atalhos para acesso de websites de propriedade de\u00a0terceiros. A Bezsan Consultoria Financeira n\u00e3o exerce qualquer responsabilidade ou\u00a0inger\u00eancia em rela\u00e7\u00e3o ao conte\u00fado de referidos websites, bem como em rela\u00e7\u00e3o \u00e0s\u00a0regras de navega\u00e7\u00e3o dos mesmos.<br><br>Seguran\u00e7a\u00a0e Privacidade das Informa\u00e7\u00f5es dos Usu\u00e1rios<br><br>Aten\u00e7\u00e3o:\u00a0Caso Voc\u00ea n\u00e3o concorde com os termos de seguran\u00e7a e privacidade abaixo, N\u00c3O\u00a0forne\u00e7a seus dados pessoais ao navegar neste website.\u00a0<br><br>1 \u2013 Durante a navega\u00e7\u00e3o\u00a0neste website, poder\u00e1 ser solicitado ao usu\u00e1rio o fornecimento, em car\u00e1ter volunt\u00e1rio, de dados pessoais como nome, endere\u00e7o, telefone e e-mail.<br><br>2 \u2013 Os dados pessoais dos\u00a0usu\u00e1rios ser\u00e3o tratados pela Bezsan Consultoria Financeira como confidenciais e sigilosos,\u00a0bem como ser\u00e3o protegidos nos termos da lei.<br><br>3 \u2013 O usu\u00e1rio ao fornecer,\u00a0voluntariamente, os seus dados pessoais autoriza a Bezsan Consultoria Financeira e empresas parceiras a coletar e armazenar tais dados.<br><br>4 \u2013 O usu\u00e1rio ao solicitar\u00a0a Bezsan Consultoria Financeira a presta\u00e7\u00e3o de qualquer servi\u00e7o, autoriza automaticamente a\u00a0transfer\u00eancia de seus dados para nossos especialistas, os quais processar\u00e3o e atender\u00e3o \u00e0 solicita\u00e7\u00e3o.<br><br>5 \u2013 A Bezsan Consultoria Financeira informa que os dados pessoais coletados durante a navega\u00e7\u00e3o neste website somente ser\u00e3o utilizados para o envio de material de marketing e pesquisas de satisfa\u00e7\u00e3o pela Bezsan Consultoria Financeira e Empresas Parceiras se previamente autorizado pelo usu\u00e1rio. Na eventualidade de o usu\u00e1rio autorizar o envio de material de marketing, mas posteriormente desejar interromper o recebimento, dever\u00e1 entrar em contato com o SAC da Bezsan, atrav\u00e9s do e-mail\u00a0sac@bezsan.com.br<br><br>6 \u2013 Se o usu\u00e1rio desejar que seus dados sejam\u00a0corrigidos\/exclu\u00eddos\/bloqueados, dever\u00e1 entrar em contato com o SAC da Bezsan, atrav\u00e9s do e-mail\u00a0sac@bezsan.com.br.<br><br>Limita\u00e7\u00e3o\u00a0de Responsabilidade\u00a0<br><br>1 \u2013 A Bezsan Consultoria Financeira, em\u00a0nenhuma hip\u00f3tese, ser\u00e1 respons\u00e1vel por qualquer dano, seja de que natureza for,\u00a0que o usu\u00e1rio venha a suportar em decorr\u00eancia da navega\u00e7\u00e3o neste website, do\u00a0seu conte\u00fado e\/ou de suas funcionalidades. Ainda, a Bezsan Consultoria Financeira n\u00e3o se\u00a0responsabiliza por interrup\u00e7\u00f5es ou cessa\u00e7\u00f5es de transmiss\u00e3o do conte\u00fado deste website.<br><br>Servi\u00e7os<br><br>A Bezsan Consultoria Financeira informa\u00a0que algumas das imagens, ilustra\u00e7\u00f5es e informa\u00e7\u00f5es contidos neste website podem corresponder \u00e0 material de\u00a0marketing gen\u00e9rico. Por essa raz\u00e3o, algumas\u00a0das imagens, ilustra\u00e7\u00f5es e informa\u00e7\u00f5es contidos neste website podem n\u00e3o estar dispon\u00edveis para aquisi\u00e7\u00e3o ou apresentarem especifica\u00e7\u00f5es diversas daquelas apresentadas neste website.<br><br>Assim, a Bezsan Consultoria Financeira\u00a0recomenda a consulta a um de nossos especialistas autorizados para verificar se o servi\u00e7o desejado est\u00e1 dispon\u00edvel. Ainda, para maiores informa\u00e7\u00f5es\u00a0consulte sempre um especialista da Bezsan.<\/pre>\n","protected":false},"excerpt":{"rendered":"<p>A Bezsan Consultoria Financeira Ltda agradece por sua visita a este website.\u00a0A Bezsan recomenda a leitura com aten\u00e7\u00e3o desta Pol\u00edtica de Uso e de Privacidade antes de iniciar a sua navega\u00e7\u00e3o neste website. Ao iniciar a navega\u00e7\u00e3o, o usu\u00e1rio, automaticamente, concordar\u00e1 com o conte\u00fado desta Pol\u00edtica de Uso e de Privacidade.Termos de\u00a0Uso1 \u2013 Ao\u00a0iniciar a [&hellip;]<\/p>\n","protected":false},"author":1,"featured_media":0,"parent":0,"menu_order":0,"comment_status":"closed","ping_status":"open","template":"","meta":{"footnotes":""},"class_list":["post-3","page","type-page","status-publish","hentry"],"_links":{"self":[{"href":"https:\/\/bezsan.com.br\/index.php?rest_route=\/wp\/v2\/pages\/3","targetHints":{"allow":["GET"]}}],"collection":[{"href":"https:\/\/bezsan.com.br\/index.php?rest_route=\/wp\/v2\/pages"}],"about":[{"href":"https:\/\/bezsan.com.br\/index.php?rest_route=\/wp\/v2\/types\/page"}],"author":[{"embeddable":true,"href":"https:\/\/bezsan.com.br\/index.php?rest_route=\/wp\/v2\/users\/1"}],"replies":[{"embeddable":true,"href":"https:\/\/bezsan.com.br\/index.php?rest_route=%2Fwp%2Fv2%2Fcomments&post=3"}],"version-history":[{"count":2,"href":"https:\/\/bezsan.com.br\/index.php?rest_route=\/wp\/v2\/pages\/3\/revisions"}],"predecessor-version":[{"id":66,"href":"https:\/\/bezsan.com.br\/index.php?rest_route=\/wp\/v2\/pages\/3\/revisions\/66"}],"wp:attachment":[{"href":"https:\/\/bezsan.com.br\/index.php?rest_route=%2Fwp%2Fv2%2Fmedia&parent=3"}],"curies":[{"name":"wp","href":"https:\/\/api.w.org\/{rel}","templated":true}]}}